{"id":4551,"date":"2025-08-10T18:04:08","date_gmt":"2025-08-10T18:04:08","guid":{"rendered":"https:\/\/www.qiaoxin.link\/?page_id=4551"},"modified":"2025-08-11T13:09:30","modified_gmt":"2025-08-11T13:09:30","slug":"decoria-stone-6704black-flint","status":"publish","type":"page","link":"https:\/\/www.qiaoxin.link\/index.php\/decoria-stone-6704black-flint\/","title":{"rendered":"DECORIA STONE\u77f3\u7cfb\u5217 \uff5c6704\u71e7\u77f3-\u9ed1Black Flint"},"content":{"rendered":"\t\t<div data-elementor-type=\"wp-page\" data-elementor-id=\"4551\" class=\"elementor elementor-4551\">\n\t\t\t\t\t\t<section class=\"elementor-section elementor-top-section elementor-element elementor-element-4034fd7 elementor-section-boxed elementor-section-height-default elementor-section-height-default\" data-id=\"4034fd7\" data-element_type=\"section\">\n\t\t\t\t\t\t<div class=\"elementor-container elementor-column-gap-default\">\n\t\t\t\t\t<div class=\"elementor-column elementor-col-100 elementor-top-column elementor-element elementor-element-ebe6a77\" data-id=\"ebe6a77\" data-element_type=\"column\">\n\t\t\t<div class=\"elementor-widget-wrap elementor-element-populated\">\n\t\t\t\t\t\t<div class=\"elementor-element elementor-element-b5bebc3 elementor-shape-circle e-grid-align-right elementor-grid-0 elementor-widget elementor-widget-social-icons\" data-id=\"b5bebc3\" data-element_type=\"widget\" data-widget_type=\"social-icons.default\">\n\t\t\t\t<div class=\"elementor-widget-container\">\n\t\t\t\t\t\t\t<div class=\"elementor-social-icons-wrapper elementor-grid\" role=\"list\">\n\t\t\t\t\t\t\t<span class=\"elementor-grid-item\" role=\"listitem\">\n\t\t\t\t\t<a class=\"elementor-icon elementor-social-icon elementor-social-icon-facebook elementor-repeater-item-1c694cf\" href=\"https:\/\/www.facebook.com\/people\/%E6%A8%B5%E6%A8%B5%E5%9C%B0%E6%9D%BF%E7%B3%BB%E7%B5%B1%E5%82%A2%E4%BF%B1\/100063976053057\/\" target=\"_blank\">\n\t\t\t\t\t\t<span class=\"elementor-screen-only\">Facebook<\/span>\n\t\t\t\t\t\t<i class=\"fab fa-facebook\"><\/i>\t\t\t\t\t<\/a>\n\t\t\t\t<\/span>\n\t\t\t\t\t\t\t<span class=\"elementor-grid-item\" role=\"listitem\">\n\t\t\t\t\t<a class=\"elementor-icon elementor-social-icon elementor-social-icon-line elementor-repeater-item-21e09a0\" href=\"https:\/\/lin.ee\/FfESCr0\" target=\"_blank\">\n\t\t\t\t\t\t<span class=\"elementor-screen-only\">Line<\/span>\n\t\t\t\t\t\t<i class=\"fab fa-line\"><\/i>\t\t\t\t\t<\/a>\n\t\t\t\t<\/span>\n\t\t\t\t\t\t\t<span class=\"elementor-grid-item\" role=\"listitem\">\n\t\t\t\t\t<a class=\"elementor-icon elementor-social-icon elementor-social-icon-instagram elementor-repeater-item-f354ac1\" href=\"https:\/\/instagram.com\/qiaoxin0301?igshid=YmMyMTA2M2Y=\" target=\"_blank\">\n\t\t\t\t\t\t<span class=\"elementor-screen-only\">Instagram<\/span>\n\t\t\t\t\t\t<i class=\"fab fa-instagram\"><\/i>\t\t\t\t\t<\/a>\n\t\t\t\t<\/span>\n\t\t\t\t\t<\/div>\n\t\t\t\t\t\t<\/div>\n\t\t\t\t<\/div>\n\t\t\t\t\t<\/div>\n\t\t<\/div>\n\t\t\t\t\t<\/div>\n\t\t<\/section>\n\t\t\t\t<section class=\"elementor-section elementor-top-section elementor-element elementor-element-d845e0b elementor-section-boxed elementor-section-height-default elementor-section-height-default\" data-id=\"d845e0b\" data-element_type=\"section\">\n\t\t\t\t\t\t<div class=\"elementor-container elementor-column-gap-default\">\n\t\t\t\t\t<div class=\"elementor-column elementor-col-50 elementor-top-column elementor-element elementor-element-a32cf3c\" data-id=\"a32cf3c\" data-element_type=\"column\">\n\t\t\t<div class=\"elementor-widget-wrap elementor-element-populated\">\n\t\t\t\t\t\t<div class=\"elementor-element elementor-element-898b47e elementor-widget elementor-widget-text-editor\" data-id=\"898b47e\" data-element_type=\"widget\" data-widget_type=\"text-editor.default\">\n\t\t\t\t<div class=\"elementor-widget-container\">\n\t\t\t\t\t\t\t\t\t<h5 class=\"entry-title\">DECORIA STONE\u77f3\u7cfb\u5217 \uff5c6704\u71e7\u77f3-\u9ed1Black Flint<\/h5>\t\t\t\t\t\t\t\t<\/div>\n\t\t\t\t<\/div>\n\t\t\t\t<div class=\"elementor-element elementor-element-7cc3eaa elementor-arrows-position-inside elementor-pagination-position-outside elementor-widget elementor-widget-image-carousel\" data-id=\"7cc3eaa\" data-element_type=\"widget\" data-settings=\"{&quot;slides_to_show&quot;:&quot;1&quot;,&quot;navigation&quot;:&quot;both&quot;,&quot;autoplay&quot;:&quot;yes&quot;,&quot;pause_on_hover&quot;:&quot;yes&quot;,&quot;pause_on_interaction&quot;:&quot;yes&quot;,&quot;autoplay_speed&quot;:5000,&quot;infinite&quot;:&quot;yes&quot;,&quot;effect&quot;:&quot;slide&quot;,&quot;speed&quot;:500}\" data-widget_type=\"image-carousel.default\">\n\t\t\t\t<div class=\"elementor-widget-container\">\n\t\t\t\t\t\t\t<div class=\"elementor-image-carousel-wrapper swiper\" role=\"region\" aria-roledescription=\"carousel\" aria-label=\"\u5716\u7247\u8f49\u76e4\" dir=\"ltr\">\n\t\t\t<div class=\"elementor-image-carousel swiper-wrapper\" aria-live=\"off\">\n\t\t\t\t\t\t\t\t<div class=\"swiper-slide\" role=\"group\" aria-roledescription=\"slide\" aria-label=\"1 of 2\"><figure class=\"swiper-slide-inner\"><img decoding=\"async\" class=\"swiper-slide-image\" src=\"https:\/\/www.qiaoxin.link\/wp-content\/uploads\/2022\/10\/6704.png\" alt=\"\u25b26704\u71e7\u77f3-\u9ed1Black Flint\" \/><\/figure><\/div><div class=\"swiper-slide\" role=\"group\" aria-roledescription=\"slide\" aria-label=\"2 of 2\"><figure class=\"swiper-slide-inner\"><img decoding=\"async\" class=\"swiper-slide-image\" src=\"https:\/\/www.qiaoxin.link\/wp-content\/uploads\/2025\/08\/6704-1-1019x1024.jpg\" alt=\"6704-1\" \/><\/figure><\/div>\t\t\t<\/div>\n\t\t\t\t\t\t\t\t\t\t\t\t<div class=\"elementor-swiper-button elementor-swiper-button-prev\" role=\"button\" tabindex=\"0\">\n\t\t\t\t\t\t<i aria-hidden=\"true\" class=\"eicon-chevron-left\"><\/i>\t\t\t\t\t<\/div>\n\t\t\t\t\t<div class=\"elementor-swiper-button elementor-swiper-button-next\" role=\"button\" tabindex=\"0\">\n\t\t\t\t\t\t<i aria-hidden=\"true\" class=\"eicon-chevron-right\"><\/i>\t\t\t\t\t<\/div>\n\t\t\t\t\n\t\t\t\t\t\t\t\t\t<div class=\"swiper-pagination\"><\/div>\n\t\t\t\t\t\t\t\t\t<\/div>\n\t\t\t\t\t\t<\/div>\n\t\t\t\t<\/div>\n\t\t\t\t\t<\/div>\n\t\t<\/div>\n\t\t\t\t<div class=\"elementor-column elementor-col-50 elementor-top-column elementor-element elementor-element-91d434c\" data-id=\"91d434c\" data-element_type=\"column\">\n\t\t\t<div class=\"elementor-widget-wrap elementor-element-populated\">\n\t\t\t\t\t\t<div class=\"elementor-element elementor-element-e849340 elementor-widget elementor-widget-image\" data-id=\"e849340\" data-element_type=\"widget\" data-widget_type=\"image.default\">\n\t\t\t\t<div class=\"elementor-widget-container\">\n\t\t\t\t\t\t\t\t\t\t\t\t\t\t\t<img fetchpriority=\"high\" decoding=\"async\" width=\"669\" height=\"252\" src=\"https:\/\/www.qiaoxin.link\/wp-content\/uploads\/2022\/10\/D-1.jpg\" class=\"attachment-medium_large size-medium_large wp-image-3297\" alt=\"\" srcset=\"https:\/\/www.qiaoxin.link\/wp-content\/uploads\/2022\/10\/D-1.jpg 669w, https:\/\/www.qiaoxin.link\/wp-content\/uploads\/2022\/10\/D-1-300x113.jpg 300w, https:\/\/www.qiaoxin.link\/wp-content\/uploads\/2022\/10\/D-1-600x226.jpg 600w\" sizes=\"(max-width: 669px) 100vw, 669px\" \/>\t\t\t\t\t\t\t\t\t\t\t\t\t\t\t<\/div>\n\t\t\t\t<\/div>\n\t\t\t\t<div class=\"elementor-element elementor-element-054595a elementor-widget elementor-widget-text-editor\" data-id=\"054595a\" data-element_type=\"widget\" data-widget_type=\"text-editor.default\">\n\t\t\t\t<div class=\"elementor-widget-container\">\n\t\t\t\t\t\t\t\t\t<hr \/><h5 data-testid=\"richTextElement\">\u00a0<\/h5><h5 data-testid=\"richTextElement\">\u5c3a\u5bf8\uff1a<\/h5><h5><span style=\"color: #212529; font-family: Raleway, sans-serif; font-size: 16px; font-weight: 400; letter-spacing: normal; text-transform: none;\">\u00a0600mm\u00d7600mm\u00d73.0mm\u00d70.3mm\u8010\u78e8\u5c64<\/span><\/h5><h5>\u00a0\u539a\u5ea6\uff1a<\/h5><h5><span style=\"color: #212529; font-family: Raleway, sans-serif; font-size: 16px; font-weight: 400; letter-spacing: normal; text-transform: none;\">3.0mm<\/span><\/h5>\t\t\t\t\t\t\t\t<\/div>\n\t\t\t\t<\/div>\n\t\t\t\t\t<\/div>\n\t\t<\/div>\n\t\t\t\t\t<\/div>\n\t\t<\/section>\n\t\t\t\t<section class=\"elementor-section elementor-top-section elementor-element elementor-element-4780401 elementor-section-boxed elementor-section-height-default elementor-section-height-default\" data-id=\"4780401\" data-element_type=\"section\">\n\t\t\t\t\t\t<div class=\"elementor-container elementor-column-gap-default\">\n\t\t\t\t\t<div class=\"elementor-column elementor-col-100 elementor-top-column elementor-element elementor-element-43aa929\" data-id=\"43aa929\" data-element_type=\"column\">\n\t\t\t<div class=\"elementor-widget-wrap elementor-element-populated\">\n\t\t\t\t\t\t<div class=\"elementor-element elementor-element-49bd069 elementor-align-right elementor-widget elementor-widget-button\" data-id=\"49bd069\" data-element_type=\"widget\" data-widget_type=\"button.default\">\n\t\t\t\t<div class=\"elementor-widget-container\">\n\t\t\t\t\t\t\t\t\t<div class=\"elementor-button-wrapper\">\n\t\t\t\t\t<a class=\"elementor-button elementor-button-link elementor-size-sm\" href=\"https:\/\/www.qiaoxin.link\/index.php\/decoria_rock\/\">\n\t\t\t\t\t\t<span class=\"elementor-button-content-wrapper\">\n\t\t\t\t\t\t\t\t\t<span class=\"elementor-button-text\">\u56de\u4e0a\u4e00\u9801<\/span>\n\t\t\t\t\t<\/span>\n\t\t\t\t\t<\/a>\n\t\t\t\t<\/div>\n\t\t\t\t\t\t\t\t<\/div>\n\t\t\t\t<\/div>\n\t\t\t\t\t<\/div>\n\t\t<\/div>\n\t\t\t\t\t<\/div>\n\t\t<\/section>\n\t\t\t\t<\/div>\n\t\t","protected":false},"excerpt":{"rendered":"<p>Facebook Line Instagram DECORI &#8230;<\/p>\n","protected":false},"author":3,"featured_media":0,"parent":0,"menu_order":0,"comment_status":"closed","ping_status":"closed","template":"","meta":{"om_disable_all_campaigns":false,"_monsterinsights_skip_tracking":false,"_monsterinsights_sitenote_active":false,"_monsterinsights_sitenote_note":"","_monsterinsights_sitenote_category":0,"footnotes":""},"class_list":["post-4551","page","type-page","status-publish","hentry"],"yoast_head":"<!-- This site is optimized with the Yoast SEO plugin v20.5 - https:\/\/yoast.com\/wordpress\/plugins\/seo\/ -->\n<title>DECORIA STONE\u77f3\u7cfb\u5217 \uff5c6704\u71e7\u77f3-\u9ed1Black Flint<\/title>\n<meta name=\"description\" content=\"\u6a35\u946b\u8208\u696d\u6709\u9650\u516c\u53f8 DECORIA STONE\u77f3\u7cfb\u5217 \uff5c6704\u71e7\u77f3-\u9ed1Black Flint - DECORIA\u65b0\u4e00\u4ee3\u77f3\u7d0b\u5730\u677f\uff0c\u63a1\u7528\u9ad8\u89e3\u6790\u77f3\u7d0b\u5716\u5c64\uff0c\u7d0b\u8def\u7d30\u81a9\u5177\u5c64\u6b21\u611f\uff0c\u5b9b\u5982\u5929\u7136\u77f3\u6750\u92ea\u8a2d\u800c\u6210\u7684\u6c23\u6d3e\u88dd\u6f62\u3002\u6709\u5225\u65bc\u771f\u6b63\u78c1\u78da\uff0c\u7121\u9808\u7279\u5225\u6253\u881f\u4fdd\u990a\u66f4\u4e0d\u5fc5\u64d4\u5fc3\u78c1\u78d7\u7e2b\u9593\u85cf\u6c59\u7d0d\u57a2\u3002\u25a0 \u597d\u6e05\u6f54\u514d\u4fdd\u990a \u25a0 \u9ad8\u5bc6\u5ea6PU\u5857\u5c64\u25a0 \u7121\u7e2b\u929c\u63a5\u8a2d\u8a08 \u25a0 \u9ad8\u4eff\u771f\u77f3\u7d0b\u25a0 \u65bd\u5de5\u5feb\u901f\u7c21\u4fbf \u25a0 \u8212\u9069\u89f8\u611f\u4e0d\u9700\u6c34\u6ce5\u7802\u6f3f\u7b49\u7e41\u8907\u5b89\u88dd\u6b65\u9a5f\uff1a\u4fdd\u990a\u5bb9\u6613\uff0c\u53ef\u7528\u6fd5\u62d6\u628a\u6e05\u6f54\uff1b\u5c0d\u5ba4\u5167\u6eab\u5ea6\u7684\u4fdd\u6eab\u6027\u8f03\u771f\u6b63\u7684\u78c1\u78da\u4f86\u7684\u597d\u3002\u7121\u7e2b\u929c\u63a5\u8a2d\u8a08\uff0c\u5c07\u6574\u9ad4\u6548\u679c\u53ca\u8996\u89ba\u9054\u5230\u6700\u5927\u9650\u5ea6\u7684\u512a\u5316\u3002\u64c1\u6709\u5929\u7136\u77f3\u78da\u6975\u7c21\u5167\u6582\u7684\u5916\u89c0\uff0c\u8e29\u8e0f\u8d77\u4f86\u4e26\u7121\u78c1\u78da\u7684\u751f\u786c\u611f\uff0c\u7d66\u4e88\u60a8\u7684\u96d9\u8db3\u8212\u9069\u611f\u89f8\u3002\" \/>\n<meta name=\"robots\" content=\"index, follow, max-snippet:-1, max-image-preview:large, max-video-preview:-1\" \/>\n<link rel=\"canonical\" href=\"https:\/\/www.qiaoxin.link\/index.php\/decoria-stone-6704black-flint\/\" \/>\n<meta property=\"og:locale\" content=\"zh_TW\" \/>\n<meta property=\"og:type\" content=\"article\" \/>\n<meta property=\"og:title\" content=\"DECORIA STONE\u77f3\u7cfb\u5217 \uff5c6704\u71e7\u77f3-\u9ed1Black Flint\" \/>\n<meta property=\"og:description\" content=\"\u6a35\u946b\u8208\u696d\u6709\u9650\u516c\u53f8 DECORIA STONE\u77f3\u7cfb\u5217 \uff5c6704\u71e7\u77f3-\u9ed1Black Flint - DECORIA\u65b0\u4e00\u4ee3\u77f3\u7d0b\u5730\u677f\uff0c\u63a1\u7528\u9ad8\u89e3\u6790\u77f3\u7d0b\u5716\u5c64\uff0c\u7d0b\u8def\u7d30\u81a9\u5177\u5c64\u6b21\u611f\uff0c\u5b9b\u5982\u5929\u7136\u77f3\u6750\u92ea\u8a2d\u800c\u6210\u7684\u6c23\u6d3e\u88dd\u6f62\u3002\u6709\u5225\u65bc\u771f\u6b63\u78c1\u78da\uff0c\u7121\u9808\u7279\u5225\u6253\u881f\u4fdd\u990a\u66f4\u4e0d\u5fc5\u64d4\u5fc3\u78c1\u78d7\u7e2b\u9593\u85cf\u6c59\u7d0d\u57a2\u3002\u25a0 \u597d\u6e05\u6f54\u514d\u4fdd\u990a \u25a0 \u9ad8\u5bc6\u5ea6PU\u5857\u5c64\u25a0 \u7121\u7e2b\u929c\u63a5\u8a2d\u8a08 \u25a0 \u9ad8\u4eff\u771f\u77f3\u7d0b\u25a0 \u65bd\u5de5\u5feb\u901f\u7c21\u4fbf \u25a0 \u8212\u9069\u89f8\u611f\u4e0d\u9700\u6c34\u6ce5\u7802\u6f3f\u7b49\u7e41\u8907\u5b89\u88dd\u6b65\u9a5f\uff1a\u4fdd\u990a\u5bb9\u6613\uff0c\u53ef\u7528\u6fd5\u62d6\u628a\u6e05\u6f54\uff1b\u5c0d\u5ba4\u5167\u6eab\u5ea6\u7684\u4fdd\u6eab\u6027\u8f03\u771f\u6b63\u7684\u78c1\u78da\u4f86\u7684\u597d\u3002\u7121\u7e2b\u929c\u63a5\u8a2d\u8a08\uff0c\u5c07\u6574\u9ad4\u6548\u679c\u53ca\u8996\u89ba\u9054\u5230\u6700\u5927\u9650\u5ea6\u7684\u512a\u5316\u3002\u64c1\u6709\u5929\u7136\u77f3\u78da\u6975\u7c21\u5167\u6582\u7684\u5916\u89c0\uff0c\u8e29\u8e0f\u8d77\u4f86\u4e26\u7121\u78c1\u78da\u7684\u751f\u786c\u611f\uff0c\u7d66\u4e88\u60a8\u7684\u96d9\u8db3\u8212\u9069\u611f\u89f8\u3002\" \/>\n<meta property=\"og:url\" content=\"https:\/\/www.qiaoxin.link\/index.php\/decoria-stone-6704black-flint\/\" \/>\n<meta property=\"og:site_name\" content=\"\u6a35\u946b\u8208\u696d\u6709\u9650\u516c\u53f8\" \/>\n<meta property=\"article:publisher\" content=\"https:\/\/www.facebook.com\/profile.php?id=100063976053057\" \/>\n<meta property=\"article:modified_time\" content=\"2025-08-11T13:09:30+00:00\" \/>\n<meta property=\"og:image\" content=\"https:\/\/www.qiaoxin.link\/wp-content\/uploads\/2022\/10\/6704.png\" \/>\n<meta name=\"twitter:card\" content=\"summary_large_image\" \/>\n<meta name=\"twitter:label1\" content=\"\u9810\u4f30\u95b1\u8b80\u6642\u9593\" \/>\n\t<meta name=\"twitter:data1\" content=\"2 \u5206\u9418\" \/>\n<!-- \/ Yoast SEO plugin. -->","yoast_head_json":{"title":"DECORIA STONE\u77f3\u7cfb\u5217 \uff5c6704\u71e7\u77f3-\u9ed1Black Flint","description":"\u6a35\u946b\u8208\u696d\u6709\u9650\u516c\u53f8 DECORIA STONE\u77f3\u7cfb\u5217 \uff5c6704\u71e7\u77f3-\u9ed1Black Flint - DECORIA\u65b0\u4e00\u4ee3\u77f3\u7d0b\u5730\u677f\uff0c\u63a1\u7528\u9ad8\u89e3\u6790\u77f3\u7d0b\u5716\u5c64\uff0c\u7d0b\u8def\u7d30\u81a9\u5177\u5c64\u6b21\u611f\uff0c\u5b9b\u5982\u5929\u7136\u77f3\u6750\u92ea\u8a2d\u800c\u6210\u7684\u6c23\u6d3e\u88dd\u6f62\u3002\u6709\u5225\u65bc\u771f\u6b63\u78c1\u78da\uff0c\u7121\u9808\u7279\u5225\u6253\u881f\u4fdd\u990a\u66f4\u4e0d\u5fc5\u64d4\u5fc3\u78c1\u78d7\u7e2b\u9593\u85cf\u6c59\u7d0d\u57a2\u3002\u25a0 \u597d\u6e05\u6f54\u514d\u4fdd\u990a \u25a0 \u9ad8\u5bc6\u5ea6PU\u5857\u5c64\u25a0 \u7121\u7e2b\u929c\u63a5\u8a2d\u8a08 \u25a0 \u9ad8\u4eff\u771f\u77f3\u7d0b\u25a0 \u65bd\u5de5\u5feb\u901f\u7c21\u4fbf \u25a0 \u8212\u9069\u89f8\u611f\u4e0d\u9700\u6c34\u6ce5\u7802\u6f3f\u7b49\u7e41\u8907\u5b89\u88dd\u6b65\u9a5f\uff1a\u4fdd\u990a\u5bb9\u6613\uff0c\u53ef\u7528\u6fd5\u62d6\u628a\u6e05\u6f54\uff1b\u5c0d\u5ba4\u5167\u6eab\u5ea6\u7684\u4fdd\u6eab\u6027\u8f03\u771f\u6b63\u7684\u78c1\u78da\u4f86\u7684\u597d\u3002\u7121\u7e2b\u929c\u63a5\u8a2d\u8a08\uff0c\u5c07\u6574\u9ad4\u6548\u679c\u53ca\u8996\u89ba\u9054\u5230\u6700\u5927\u9650\u5ea6\u7684\u512a\u5316\u3002\u64c1\u6709\u5929\u7136\u77f3\u78da\u6975\u7c21\u5167\u6582\u7684\u5916\u89c0\uff0c\u8e29\u8e0f\u8d77\u4f86\u4e26\u7121\u78c1\u78da\u7684\u751f\u786c\u611f\uff0c\u7d66\u4e88\u60a8\u7684\u96d9\u8db3\u8212\u9069\u611f\u89f8\u3002","robots":{"index":"index","follow":"follow","max-snippet":"max-snippet:-1","max-image-preview":"max-image-preview:large","max-video-preview":"max-video-preview:-1"},"canonical":"https:\/\/www.qiaoxin.link\/index.php\/decoria-stone-6704black-flint\/","og_locale":"zh_TW","og_type":"article","og_title":"DECORIA STONE\u77f3\u7cfb\u5217 \uff5c6704\u71e7\u77f3-\u9ed1Black Flint","og_description":"\u6a35\u946b\u8208\u696d\u6709\u9650\u516c\u53f8 DECORIA STONE\u77f3\u7cfb\u5217 \uff5c6704\u71e7\u77f3-\u9ed1Black Flint - DECORIA\u65b0\u4e00\u4ee3\u77f3\u7d0b\u5730\u677f\uff0c\u63a1\u7528\u9ad8\u89e3\u6790\u77f3\u7d0b\u5716\u5c64\uff0c\u7d0b\u8def\u7d30\u81a9\u5177\u5c64\u6b21\u611f\uff0c\u5b9b\u5982\u5929\u7136\u77f3\u6750\u92ea\u8a2d\u800c\u6210\u7684\u6c23\u6d3e\u88dd\u6f62\u3002\u6709\u5225\u65bc\u771f\u6b63\u78c1\u78da\uff0c\u7121\u9808\u7279\u5225\u6253\u881f\u4fdd\u990a\u66f4\u4e0d\u5fc5\u64d4\u5fc3\u78c1\u78d7\u7e2b\u9593\u85cf\u6c59\u7d0d\u57a2\u3002\u25a0 \u597d\u6e05\u6f54\u514d\u4fdd\u990a \u25a0 \u9ad8\u5bc6\u5ea6PU\u5857\u5c64\u25a0 \u7121\u7e2b\u929c\u63a5\u8a2d\u8a08 \u25a0 \u9ad8\u4eff\u771f\u77f3\u7d0b\u25a0 \u65bd\u5de5\u5feb\u901f\u7c21\u4fbf \u25a0 \u8212\u9069\u89f8\u611f\u4e0d\u9700\u6c34\u6ce5\u7802\u6f3f\u7b49\u7e41\u8907\u5b89\u88dd\u6b65\u9a5f\uff1a\u4fdd\u990a\u5bb9\u6613\uff0c\u53ef\u7528\u6fd5\u62d6\u628a\u6e05\u6f54\uff1b\u5c0d\u5ba4\u5167\u6eab\u5ea6\u7684\u4fdd\u6eab\u6027\u8f03\u771f\u6b63\u7684\u78c1\u78da\u4f86\u7684\u597d\u3002\u7121\u7e2b\u929c\u63a5\u8a2d\u8a08\uff0c\u5c07\u6574\u9ad4\u6548\u679c\u53ca\u8996\u89ba\u9054\u5230\u6700\u5927\u9650\u5ea6\u7684\u512a\u5316\u3002\u64c1\u6709\u5929\u7136\u77f3\u78da\u6975\u7c21\u5167\u6582\u7684\u5916\u89c0\uff0c\u8e29\u8e0f\u8d77\u4f86\u4e26\u7121\u78c1\u78da\u7684\u751f\u786c\u611f\uff0c\u7d66\u4e88\u60a8\u7684\u96d9\u8db3\u8212\u9069\u611f\u89f8\u3002","og_url":"https:\/\/www.qiaoxin.link\/index.php\/decoria-stone-6704black-flint\/","og_site_name":"\u6a35\u946b\u8208\u696d\u6709\u9650\u516c\u53f8","article_publisher":"https:\/\/www.facebook.com\/profile.php?id=100063976053057","article_modified_time":"2025-08-11T13:09:30+00:00","og_image":[{"url":"https:\/\/www.qiaoxin.link\/wp-content\/uploads\/2022\/10\/6704.png"}],"twitter_card":"summary_large_image","twitter_misc":{"\u9810\u4f30\u95b1\u8b80\u6642\u9593":"2 \u5206\u9418"},"schema":{"@context":"https:\/\/schema.org","@graph":[{"@type":"WebPage","@id":"https:\/\/www.qiaoxin.link\/index.php\/decoria-stone-6704black-flint\/","url":"https:\/\/www.qiaoxin.link\/index.php\/decoria-stone-6704black-flint\/","name":"DECORIA STONE\u77f3\u7cfb\u5217 \uff5c6704\u71e7\u77f3-\u9ed1Black Flint","isPartOf":{"@id":"https:\/\/www.qiaoxin.link\/#website"},"datePublished":"2025-08-10T18:04:08+00:00","dateModified":"2025-08-11T13:09:30+00:00","description":"\u6a35\u946b\u8208\u696d\u6709\u9650\u516c\u53f8 DECORIA STONE\u77f3\u7cfb\u5217 \uff5c6704\u71e7\u77f3-\u9ed1Black Flint - DECORIA\u65b0\u4e00\u4ee3\u77f3\u7d0b\u5730\u677f\uff0c\u63a1\u7528\u9ad8\u89e3\u6790\u77f3\u7d0b\u5716\u5c64\uff0c\u7d0b\u8def\u7d30\u81a9\u5177\u5c64\u6b21\u611f\uff0c\u5b9b\u5982\u5929\u7136\u77f3\u6750\u92ea\u8a2d\u800c\u6210\u7684\u6c23\u6d3e\u88dd\u6f62\u3002\u6709\u5225\u65bc\u771f\u6b63\u78c1\u78da\uff0c\u7121\u9808\u7279\u5225\u6253\u881f\u4fdd\u990a\u66f4\u4e0d\u5fc5\u64d4\u5fc3\u78c1\u78d7\u7e2b\u9593\u85cf\u6c59\u7d0d\u57a2\u3002\u25a0 \u597d\u6e05\u6f54\u514d\u4fdd\u990a \u25a0 \u9ad8\u5bc6\u5ea6PU\u5857\u5c64\u25a0 \u7121\u7e2b\u929c\u63a5\u8a2d\u8a08 \u25a0 \u9ad8\u4eff\u771f\u77f3\u7d0b\u25a0 \u65bd\u5de5\u5feb\u901f\u7c21\u4fbf \u25a0 \u8212\u9069\u89f8\u611f\u4e0d\u9700\u6c34\u6ce5\u7802\u6f3f\u7b49\u7e41\u8907\u5b89\u88dd\u6b65\u9a5f\uff1a\u4fdd\u990a\u5bb9\u6613\uff0c\u53ef\u7528\u6fd5\u62d6\u628a\u6e05\u6f54\uff1b\u5c0d\u5ba4\u5167\u6eab\u5ea6\u7684\u4fdd\u6eab\u6027\u8f03\u771f\u6b63\u7684\u78c1\u78da\u4f86\u7684\u597d\u3002\u7121\u7e2b\u929c\u63a5\u8a2d\u8a08\uff0c\u5c07\u6574\u9ad4\u6548\u679c\u53ca\u8996\u89ba\u9054\u5230\u6700\u5927\u9650\u5ea6\u7684\u512a\u5316\u3002\u64c1\u6709\u5929\u7136\u77f3\u78da\u6975\u7c21\u5167\u6582\u7684\u5916\u89c0\uff0c\u8e29\u8e0f\u8d77\u4f86\u4e26\u7121\u78c1\u78da\u7684\u751f\u786c\u611f\uff0c\u7d66\u4e88\u60a8\u7684\u96d9\u8db3\u8212\u9069\u611f\u89f8\u3002","breadcrumb":{"@id":"https:\/\/www.qiaoxin.link\/index.php\/decoria-stone-6704black-flint\/#breadcrumb"},"inLanguage":"zh-TW","potentialAction":[{"@type":"ReadAction","target":["https:\/\/www.qiaoxin.link\/index.php\/decoria-stone-6704black-flint\/"]}]},{"@type":"BreadcrumbList","@id":"https:\/\/www.qiaoxin.link\/index.php\/decoria-stone-6704black-flint\/#breadcrumb","itemListElement":[{"@type":"ListItem","position":1,"name":"\u9996\u9801","item":"https:\/\/www.qiaoxin.link\/"},{"@type":"ListItem","position":2,"name":"DECORIA STONE\u77f3\u7cfb\u5217 \uff5c6704\u71e7\u77f3-\u9ed1Black Flint"}]},{"@type":"WebSite","@id":"https:\/\/www.qiaoxin.link\/#website","url":"https:\/\/www.qiaoxin.link\/","name":"\u6a35\u946b\u8208\u696d\u6709\u9650\u516c\u53f8","description":"\u7cfb\u7d71\u50a2\u4ff1\/\u8d85\u8010\u78e8\u6728\u5730\u677f\/\u77f3\u5851SPC\u5361\u6263\/PVC\u5730\u78da\/\u5546\u7528\u5730\u6bef","publisher":{"@id":"https:\/\/www.qiaoxin.link\/#organization"},"potentialAction":[{"@type":"SearchAction","target":{"@type":"EntryPoint","urlTemplate":"https:\/\/www.qiaoxin.link\/?s={search_term_string}"},"query-input":"required name=search_term_string"}],"inLanguage":"zh-TW"},{"@type":"Organization","@id":"https:\/\/www.qiaoxin.link\/#organization","name":"\u6a35\u946b\u8208\u696d\u6709\u9650\u516c\u53f8","alternateName":"\u6a35\u6a35\u5730\u677f","url":"https:\/\/www.qiaoxin.link\/","logo":{"@type":"ImageObject","inLanguage":"zh-TW","@id":"https:\/\/www.qiaoxin.link\/#\/schema\/logo\/image\/","url":"http:\/\/www.qiaoxin.link\/wp-content\/uploads\/2021\/07\/Q-02-1.png","contentUrl":"http:\/\/www.qiaoxin.link\/wp-content\/uploads\/2021\/07\/Q-02-1.png","width":1527,"height":775,"caption":"\u6a35\u946b\u8208\u696d\u6709\u9650\u516c\u53f8"},"image":{"@id":"https:\/\/www.qiaoxin.link\/#\/schema\/logo\/image\/"},"sameAs":["https:\/\/www.facebook.com\/profile.php?id=100063976053057"]}]}},"_links":{"self":[{"href":"https:\/\/www.qiaoxin.link\/index.php\/wp-json\/wp\/v2\/pages\/4551","targetHints":{"allow":["GET"]}}],"collection":[{"href":"https:\/\/www.qiaoxin.link\/index.php\/wp-json\/wp\/v2\/pages"}],"about":[{"href":"https:\/\/www.qiaoxin.link\/index.php\/wp-json\/wp\/v2\/types\/page"}],"author":[{"embeddable":true,"href":"https:\/\/www.qiaoxin.link\/index.php\/wp-json\/wp\/v2\/users\/3"}],"replies":[{"embeddable":true,"href":"https:\/\/www.qiaoxin.link\/index.php\/wp-json\/wp\/v2\/comments?post=4551"}],"version-history":[{"count":8,"href":"https:\/\/www.qiaoxin.link\/index.php\/wp-json\/wp\/v2\/pages\/4551\/revisions"}],"predecessor-version":[{"id":4698,"href":"https:\/\/www.qiaoxin.link\/index.php\/wp-json\/wp\/v2\/pages\/4551\/revisions\/4698"}],"wp:attachment":[{"href":"https:\/\/www.qiaoxin.link\/index.php\/wp-json\/wp\/v2\/media?parent=4551"}],"curies":[{"name":"wp","href":"https:\/\/api.w.org\/{rel}","templated":true}]}}